{"id":262,"date":"2020-01-13T16:57:00","date_gmt":"2020-01-13T15:57:00","guid":{"rendered":"http:\/\/demo.themegrill.com\/accelerate\/?page_id=11"},"modified":"2023-09-08T15:03:34","modified_gmt":"2023-09-08T13:03:34","slug":"business-page","status":"publish","type":"page","link":"https:\/\/www.meisthewissen.nl\/de\/","title":{"rendered":""},"content":{"rendered":"<div class=\"wp-block-cover alignfull\" style=\"padding-top:20px;padding-right:20px;padding-bottom:20px;padding-left:20px\"><span aria-hidden=\"true\" class=\"wp-block-cover__background has-ast-global-color-5-background-color has-background-dim-10 has-background-dim\"><\/span><img loading=\"lazy\" decoding=\"async\" width=\"2560\" height=\"741\" class=\"wp-block-cover__image-background wp-image-708\" alt=\"\" src=\"https:\/\/www.meisthewissen.nl\/wp-content\/uploads\/2023\/09\/meis-new-scaled.jpg\" style=\"object-position:83% 50%\" data-object-fit=\"cover\" data-object-position=\"83% 50%\" srcset=\"https:\/\/www.meisthewissen.nl\/wp-content\/uploads\/2023\/09\/meis-new-scaled.jpg 2560w, https:\/\/www.meisthewissen.nl\/wp-content\/uploads\/2023\/09\/meis-new-300x87.jpg 300w, https:\/\/www.meisthewissen.nl\/wp-content\/uploads\/2023\/09\/meis-new-1024x296.jpg 1024w, https:\/\/www.meisthewissen.nl\/wp-content\/uploads\/2023\/09\/meis-new-768x222.jpg 768w, https:\/\/www.meisthewissen.nl\/wp-content\/uploads\/2023\/09\/meis-new-1536x445.jpg 1536w, https:\/\/www.meisthewissen.nl\/wp-content\/uploads\/2023\/09\/meis-new-2048x593.jpg 2048w\" sizes=\"auto, (max-width: 2560px) 100vw, 2560px\" \/><div class=\"wp-block-cover__inner-container is-layout-flow wp-block-cover-is-layout-flow\">\n<div class=\"wp-block-columns is-layout-flex wp-container-core-columns-is-layout-28f84493 wp-block-columns-is-layout-flex\">\n<div class=\"wp-block-column is-layout-flow wp-block-column-is-layout-flow\" style=\"padding-top:0px;padding-right:0px;padding-bottom:0px;padding-left:0px;flex-basis:50%\">\n<h1 class=\"wp-block-heading\"><mark style=\"background-color:rgba(0, 0, 0, 0)\" class=\"has-inline-color has-ast-global-color-5-color\">Wilkommen!<\/mark><\/h1>\n\n\n\n<p style=\"font-size:21px\"><mark style=\"background-color:rgba(0, 0, 0, 0)\" class=\"has-inline-color has-ast-global-color-4-color\">&#8220;<\/mark><em>Alles aan een mens is intelligent: het brein, het hart, het lichaam. Deze intelligenties zijn altijd op zoek naar voluit leven, vanuit potentie. In het leven, in de liefde en in werk. <em>Misschien is dit wel de reden waarom je nu hier bent.<\/em>&#8220;<\/em><br><mark style=\"background-color:rgba(0, 0, 0, 0)\" class=\"has-inline-color has-ast-global-color-5-color\"><br>- Meis Thewissen<\/mark><\/p>\n<\/div>\n\n\n\n<div class=\"wp-block-column is-layout-flow wp-block-column-is-layout-flow\" style=\"flex-basis:33.33%\"><\/div>\n<\/div>\n\n\n\n<div class=\"wp-block-columns is-layout-flex wp-container-core-columns-is-layout-28f84493 wp-block-columns-is-layout-flex\">\n<div class=\"wp-block-column is-layout-flow wp-block-column-is-layout-flow\" style=\"flex-basis:66.66%\">\n<div class=\"wp-block-buttons is-layout-flex wp-block-buttons-is-layout-flex\">\n<div class=\"wp-block-button has-custom-width wp-block-button__width-75 has-custom-font-size\" style=\"font-size:23px\"><a class=\"wp-block-button__link has-background\" href=\"https:\/\/www.meisthewissen.nl\/de\/therapie\/\" style=\"border-radius:25px;background-color:#3f060e;padding-top:15px;padding-right:15px;padding-bottom:15px;padding-left:15px\">Mehr lesen \u25ba<\/a><\/div>\n<\/div>\n<\/div>\n\n\n\n<div class=\"wp-block-column is-layout-flow wp-block-column-is-layout-flow\" style=\"flex-basis:33.33%\"><\/div>\n<\/div>\n\n\n\n<div class=\"wp-block-buttons is-layout-flex wp-block-buttons-is-layout-flex\"><\/div>\n<\/div><\/div>\n\n\n\n<div class=\"wp-block-columns is-layout-flex wp-container-core-columns-is-layout-28f84493 wp-block-columns-is-layout-flex\">\n<div class=\"wp-block-column is-layout-flow wp-block-column-is-layout-flow\">\n<h3 class=\"wp-block-heading\">Intelligent<\/h3>\n\n\n\n<p>Als Therapeutin arbeite ich aus Ihrem ganzen Wesen heraus. Sie, Ihr Denken, Ihr Gef\u00fchl, Ihr Leben und Ihre Arbeit. <em>Denn alles ist mit allem verbunden.<\/em> Auf eine Weise, die Intelligenz zeigt. Eine St\u00f6rung an einer Stelle irgendwo in Ihrem System wirkt sich auf Ihr gesamtes \u201eSein\" aus.&nbsp;<\/p>\n<\/div>\n\n\n\n<div class=\"wp-block-column is-layout-flow wp-block-column-is-layout-flow\">\n<h3 class=\"wp-block-heading\">Weisheit<\/h3>\n\n\n\n<p>Wir haben ein Gehirn, ein Herz und einen K\u00f6rper, die uns alles \u00fcber uns selbst erz\u00e4hlen. Um in deiner Weisheit zu sein, brauchst du eine Verbindung zu dir selbst. Deshalb arbeite ich vom K\u00f6rper aus; <em>Das ist weise und kann nicht l\u00fcgen.<\/em>Das Herz ist weise, deine Intuition ist weise. Das meiste, was Sie zur Beantwortung Ihrer Frage ben\u00f6tigen, ist bereits vorhanden. Gemeinsam suchen wir diese Weisheit.<\/p>\n<\/div>\n\n\n\n<div class=\"wp-block-column is-layout-flow wp-block-column-is-layout-flow\">\n<h3 class=\"wp-block-heading\">Transformation<\/h3>\n\n\n\n<p>Manchmal gibt es Zeiten im Leben, in denen scheinbar nichts mehr zu funktionieren scheint. Wie es gelaufen ist, ist nicht mehr m\u00f6glich und wie es weitergehen wird, ist noch nicht bekannt. Sie stecken fest: Ihre Lebensenergie und Lebensfreude verschwinden. Dies sind oft Momente der \u201eLeere\" und des Alleinseins. Oder Tr\u00fcbsinn und Lethargie. Es ist an der Zeit, Hausaufgaben zu machen, denn Sie befinden sich in der Transformation.&nbsp;<\/p>\n<\/div>\n<\/div>","protected":false},"excerpt":{"rendered":"<p>Intelligent Als therapeut werk ik vanuit je hele zijn. Jij, je denken, je voelen, je leven en werken. Omdat alles met alles is verbonden. Op een manier die getuigt van intelligentie. Een verstoring op een plek ergens in jouw systeem, heeft effect op je hele &#8216;zijn&#8217;.&nbsp; Wijsheid We hebben een brein, een hart en een &hellip;<\/p>\n<p class=\"read-more\"> <a class=\"\" href=\"https:\/\/www.meisthewissen.nl\/de\/\">  Weiterlesen &raquo;<\/a><\/p>","protected":false},"author":1,"featured_media":375,"parent":0,"menu_order":0,"comment_status":"closed","ping_status":"closed","template":"","meta":{"site-sidebar-layout":"default","site-content-layout":"default","ast-global-header-display":"","ast-main-header-display":"","ast-hfb-above-header-display":"","ast-hfb-below-header-display":"","ast-hfb-mobile-header-display":"","site-post-title":"disabled","ast-breadcrumbs-content":"","ast-featured-img":"","footer-sml-layout":"","theme-transparent-header-meta":"","adv-header-id-meta":"","stick-header-meta":"","header-above-stick-meta":"","header-main-stick-meta":"","header-below-stick-meta":"","footnotes":""},"class_list":["post-262","page","type-page","status-publish","has-post-thumbnail","hentry"],"_links":{"self":[{"href":"https:\/\/www.meisthewissen.nl\/de\/wp-json\/wp\/v2\/pages\/262","targetHints":{"allow":["GET"]}}],"collection":[{"href":"https:\/\/www.meisthewissen.nl\/de\/wp-json\/wp\/v2\/pages"}],"about":[{"href":"https:\/\/www.meisthewissen.nl\/de\/wp-json\/wp\/v2\/types\/page"}],"author":[{"embeddable":true,"href":"https:\/\/www.meisthewissen.nl\/de\/wp-json\/wp\/v2\/users\/1"}],"replies":[{"embeddable":true,"href":"https:\/\/www.meisthewissen.nl\/de\/wp-json\/wp\/v2\/comments?post=262"}],"version-history":[{"count":87,"href":"https:\/\/www.meisthewissen.nl\/de\/wp-json\/wp\/v2\/pages\/262\/revisions"}],"predecessor-version":[{"id":674,"href":"https:\/\/www.meisthewissen.nl\/de\/wp-json\/wp\/v2\/pages\/262\/revisions\/674"}],"wp:featuredmedia":[{"embeddable":true,"href":"https:\/\/www.meisthewissen.nl\/de\/wp-json\/wp\/v2\/media\/375"}],"wp:attachment":[{"href":"https:\/\/www.meisthewissen.nl\/de\/wp-json\/wp\/v2\/media?parent=262"}],"curies":[{"name":"wp","href":"https:\/\/api.w.org\/{rel}","templated":true}]}}